{"id":13256,"date":"2021-04-25T07:01:07","date_gmt":"2021-04-25T07:01:07","guid":{"rendered":"https:\/\/analysis.im\/about-us-2\/"},"modified":"2025-12-15T10:05:32","modified_gmt":"2025-12-15T10:05:32","slug":"about-us-2","status":"publish","type":"page","link":"https:\/\/analysis.im\/en\/about-us-2\/","title":{"rendered":"ABOUT US &#8211; Old"},"content":{"rendered":"<p>[et_pb_section fb_built=&#8221;1&#8243; _builder_version=&#8221;4.16&#8243; _module_preset=&#8221;default&#8221; da_disable_devices=&#8221;off|off|off&#8221; global_colors_info=&#8221;{}&#8221; da_is_popup=&#8221;off&#8221; da_exit_intent=&#8221;off&#8221; da_has_close=&#8221;on&#8221; da_alt_close=&#8221;off&#8221; da_dark_close=&#8221;off&#8221; da_not_modal=&#8221;on&#8221; da_is_singular=&#8221;off&#8221; da_with_loader=&#8221;off&#8221; da_has_shadow=&#8221;on&#8221;][et_pb_row _builder_version=&#8221;4.16&#8243; _module_preset=&#8221;default&#8221; global_colors_info=&#8221;{}&#8221;][et_pb_column type=&#8221;4_4&#8243; _builder_version=&#8221;4.16&#8243; _module_preset=&#8221;default&#8221; global_colors_info=&#8221;{}&#8221;][et_pb_text _builder_version=&#8221;4.27.4&#8243; _module_preset=&#8221;default&#8221; text_font=&#8221;|800|||||||&#8221; text_text_color=&#8221;gcid-829d3c82-ea7b-4e74-8678-8fcd22f3c154&#8243; text_font_size=&#8221;40px&#8221; hover_enabled=&#8221;0&#8243; global_colors_info=&#8221;{%22gcid-829d3c82-ea7b-4e74-8678-8fcd22f3c154%22:%91%22text_text_color%22,%22header_text_color%22%93}&#8221; sticky_enabled=&#8221;0&#8243; header_font=&#8221;|800|||||||&#8221; header_text_color=&#8221;gcid-829d3c82-ea7b-4e74-8678-8fcd22f3c154&#8243; header_font_size=&#8221;40px&#8221;]<\/p>\n<h1>ABOUT US<\/h1>\n<p>[\/et_pb_text][\/et_pb_column][\/et_pb_row][\/et_pb_section][et_pb_section fb_built=&#8221;1&#8243; _builder_version=&#8221;4.16&#8243; _module_preset=&#8221;default&#8221; custom_padding=&#8221;0px|50px|0px|50px|false|true&#8221; da_disable_devices=&#8221;off|off|off&#8221; global_colors_info=&#8221;{}&#8221; da_is_popup=&#8221;off&#8221; da_exit_intent=&#8221;off&#8221; da_has_close=&#8221;on&#8221; da_alt_close=&#8221;off&#8221; da_dark_close=&#8221;off&#8221; da_not_modal=&#8221;on&#8221; da_is_singular=&#8221;off&#8221; da_with_loader=&#8221;off&#8221; da_has_shadow=&#8221;on&#8221;][et_pb_row column_structure=&#8221;3_4,1_4&#8243; _builder_version=&#8221;4.16&#8243; _module_preset=&#8221;default&#8221; global_colors_info=&#8221;{}&#8221;][et_pb_column type=&#8221;3_4&#8243; _builder_version=&#8221;4.16&#8243; _module_preset=&#8221;default&#8221; global_colors_info=&#8221;{}&#8221;][et_pb_text _builder_version=&#8221;4.16&#8243; _module_preset=&#8221;8080a676-450f-4057-aab7-cb5f36c9d1b2&#8243; hover_enabled=&#8221;0&#8243; global_colors_info=&#8221;{}&#8221; sticky_enabled=&#8221;0&#8243;]<\/p>\n<h3>AIM -ANALYSIS INSTITUTE OF MANAGEMENT HAS BEEN A PARTNER OF THE UNIVERSITY PARIS-DAUPHINE AND IAE PARIS-SORBONNE BUSINESS SCHOOL SINCE 2006.<\/h3>\n<p>Specialized in training for executives and leaders, AIM offers continuous training programs to develop the potential of businesses in the Indian Ocean.<\/p>\n<p>AIM is a training center in Mauritius, registered with the Tertiary Education Commission (TEC) and the Mauritius Qualification Authority (MQA). AIM is a branch of Analysis, a marketing research and consulting firm representing Kantar in the region. Tailor-made development programs are offered for Managers, Executives, and leaders from Mauritius, Mayotte, R\u00e9union, Madagascar, and other countries in the region.<\/p>\n<p>[\/et_pb_text][\/et_pb_column][et_pb_column type=&#8221;1_4&#8243; _builder_version=&#8221;4.16&#8243; _module_preset=&#8221;default&#8221; global_colors_info=&#8221;{}&#8221;][\/et_pb_column][\/et_pb_row][\/et_pb_section][et_pb_section fb_built=&#8221;1&#8243; _builder_version=&#8221;4.16&#8243; _module_preset=&#8221;default&#8221; background_color=&#8221;#FFFFFF&#8221; custom_padding=&#8221;0px|50px||50px|false|true&#8221; da_disable_devices=&#8221;off|off|off&#8221; global_colors_info=&#8221;{}&#8221; da_is_popup=&#8221;off&#8221; da_exit_intent=&#8221;off&#8221; da_has_close=&#8221;on&#8221; da_alt_close=&#8221;off&#8221; da_dark_close=&#8221;off&#8221; da_not_modal=&#8221;on&#8221; da_is_singular=&#8221;off&#8221; da_with_loader=&#8221;off&#8221; da_has_shadow=&#8221;on&#8221;][et_pb_row column_structure=&#8221;2_3,1_3&#8243; _builder_version=&#8221;4.16&#8243; _module_preset=&#8221;default&#8221; global_colors_info=&#8221;{}&#8221;][et_pb_column type=&#8221;2_3&#8243; _builder_version=&#8221;4.16&#8243; _module_preset=&#8221;default&#8221; global_colors_info=&#8221;{}&#8221;][et_pb_text _builder_version=&#8221;4.16&#8243; _module_preset=&#8221;default&#8221; header_2_font=&#8221;|600|||||||&#8221; header_2_text_color=&#8221;gcid-829d3c82-ea7b-4e74-8678-8fcd22f3c154&#8243; header_2_font_size=&#8221;48px&#8221; header_2_line_height=&#8221;1.2em&#8221; hover_enabled=&#8221;0&#8243; header_2_font_size_tablet=&#8221;&#8221; header_2_font_size_phone=&#8221;30px&#8221; header_2_font_size_last_edited=&#8221;on|phone&#8221; global_colors_info=&#8221;{%22gcid-829d3c82-ea7b-4e74-8678-8fcd22f3c154%22:%91%22header_2_text_color%22%93}&#8221; sticky_enabled=&#8221;0&#8243;]<\/p>\n<h2>PRESTIGEOUS INTERNATIONAL UNIVERSITIES<\/h2>\n<p>[\/et_pb_text][\/et_pb_column][et_pb_column type=&#8221;1_3&#8243; _builder_version=&#8221;4.16&#8243; _module_preset=&#8221;default&#8221; global_colors_info=&#8221;{}&#8221;][\/et_pb_column][\/et_pb_row][et_pb_row column_structure=&#8221;1_2,1_2&#8243; module_id=&#8221;dauphine&#8221; _builder_version=&#8221;4.16&#8243; _module_preset=&#8221;default&#8221; global_colors_info=&#8221;{}&#8221;][et_pb_column type=&#8221;1_2&#8243; _builder_version=&#8221;4.16&#8243; _module_preset=&#8221;default&#8221; global_colors_info=&#8221;{}&#8221;][et_pb_image src=&#8221;https:\/\/analysis.im\/wp-content\/uploads\/2021\/04\/dauphine-logo-small.png&#8221; title_text=&#8221;dauphine-logo-small&#8221; _builder_version=&#8221;4.16&#8243; _module_preset=&#8221;default&#8221; global_colors_info=&#8221;{}&#8221;][\/et_pb_image][et_pb_image src=&#8221;https:\/\/analysis.im\/wp-content\/uploads\/2021\/04\/daupine-2.jpg&#8221; title_text=&#8221;daupine-2&#8243; _builder_version=&#8221;4.16&#8243; _module_preset=&#8221;default&#8221; global_colors_info=&#8221;{}&#8221;][\/et_pb_image][et_pb_text _builder_version=&#8221;4.16&#8243; _module_preset=&#8221;8080a676-450f-4057-aab7-cb5f36c9d1b2&#8243; global_colors_info=&#8221;{}&#8221;]<\/p>\n<h3>FIRST FRENCH UNIVERSITY TO RECEIVE EQUIS ACCREDITATION<\/h3>\n<p>In 2009, the University Paris-Dauphine became the first French university to receive EQUIS accreditation, awarded by the European Foundation for Management Development (EFMD), for its academic excellence and commitment to globalization. EQUIS (European Quality Improvement System) is a European accreditation system aimed at ensuring a high level of quality in degrees. This accreditation primarily recognizes the quality of the university\u2019s courses and its high level of internationalization, confirming its status as a Grande \u00c9cole.<\/p>\n<p>[\/et_pb_text][\/et_pb_column][et_pb_column type=&#8221;1_2&#8243; module_id=&#8221;iae&#8221; _builder_version=&#8221;4.16&#8243; _module_preset=&#8221;default&#8221; global_colors_info=&#8221;{}&#8221;][et_pb_image src=&#8221;https:\/\/analysis.im\/wp-content\/uploads\/2021\/04\/iae-paris-logo-white.png&#8221; title_text=&#8221;iae-paris-logo-white&#8221; _builder_version=&#8221;4.16&#8243; _module_preset=&#8221;default&#8221; width=&#8221;200px&#8221; global_colors_info=&#8221;{}&#8221;][\/et_pb_image][et_pb_image src=&#8221;https:\/\/analysis.im\/wp-content\/uploads\/2021\/04\/iae-600&#215;404-2.jpg&#8221; title_text=&#8221;iae-600&#215;404-2&#8243; _builder_version=&#8221;4.16&#8243; _module_preset=&#8221;default&#8221; global_colors_info=&#8221;{}&#8221;][\/et_pb_image][et_pb_text _builder_version=&#8221;4.16&#8243; _module_preset=&#8221;8080a676-450f-4057-aab7-cb5f36c9d1b2&#8243; global_colors_info=&#8221;{}&#8221;]<\/p>\n<h3>A PRESTIGIOUS HERITAGE IN TRAINING AND RESEARCH IN MANAGEMENT SCIENCES IN FRANCE AND INTERNATIONALLY.<\/h3>\n<p>Affiliated with the University Paris 1 Panth\u00e9on-Sorbonne, IAE Paris-Sorbonne Business School is a reference with a strong and prestigious heritage in training and research. Students graduate from the University Paris 1 Panth\u00e9on-Sorbonne. Since its establishment in 1956, IAE Paris-Sorbonne has been committed to dual competency in management for executives and students pursuing further studies, with formulas tailored to each audience. Its training programs are based on a pedagogical approach at the forefront of professional world issues, anchored in practical experience in business and enriched by research.<\/p>\n<p>[\/et_pb_text][\/et_pb_column][\/et_pb_row][et_pb_row column_structure=&#8221;1_2,1_2&#8243; _builder_version=&#8221;4.16&#8243; _module_preset=&#8221;default&#8221; global_colors_info=&#8221;{}&#8221;][et_pb_column type=&#8221;1_2&#8243; _builder_version=&#8221;4.16&#8243; _module_preset=&#8221;default&#8221; global_colors_info=&#8221;{}&#8221;][et_pb_image src=&#8221;https:\/\/analysis.im\/wp-content\/uploads\/2021\/04\/LOGO-MPT-Executive-Education-fond-blanc.png&#8221; title_text=&#8221;LOGO-MPT-Executive Education fond blanc&#8221; _builder_version=&#8221;4.16&#8243; _module_preset=&#8221;default&#8221; width=&#8221;200px&#8221; global_colors_info=&#8221;{}&#8221;][\/et_pb_image][et_pb_image src=&#8221;https:\/\/analysis.im\/wp-content\/uploads\/2021\/04\/1525-Mines-ParisTech-Panorama.jpg&#8221; title_text=&#8221;1525-Mines-ParisTech-Panorama&#8221; _builder_version=&#8221;4.16&#8243; _module_preset=&#8221;default&#8221; global_colors_info=&#8221;{}&#8221;][\/et_pb_image][et_pb_text _builder_version=&#8221;4.16&#8243; _module_preset=&#8221;8080a676-450f-4057-aab7-cb5f36c9d1b2&#8243; global_colors_info=&#8221;{}&#8221;]<\/p>\n<h3>FIRST ENGINEERING SCHOOL IN FRANCE BY ITS VOLUME OF CONTRACT RESEARCH<\/h3>\n<p>MINES ParisTech has been training high-level decision-makers and engineers since 1783, capable of solving complex problems. The fields and sectors involved are diverse: innovation and entrepreneurship, energy transition, and materials for more efficient technologies, mathematics and digital engineering for the transformation of industries, including healthcare.<\/p>\n<p>[\/et_pb_text][\/et_pb_column][et_pb_column type=&#8221;1_2&#8243; _builder_version=&#8221;4.16&#8243; _module_preset=&#8221;default&#8221; link_option_url=&#8221;minesparistech&#8221; global_colors_info=&#8221;{}&#8221;][et_pb_image src=&#8221;https:\/\/analysis.im\/wp-content\/uploads\/2021\/06\/logo-rubika-general-600-noir-1.png&#8221; title_text=&#8221;logo-rubika-general-600-noir (1)&#8221; disabled_on=&#8221;on|on|on&#8221; _builder_version=&#8221;4.16&#8243; _module_preset=&#8221;default&#8221; width=&#8221;200px&#8221; disabled=&#8221;on&#8221; global_colors_info=&#8221;{}&#8221;][\/et_pb_image][et_pb_image src=&#8221;https:\/\/analysis.im\/wp-content\/uploads\/2021\/06\/campus-valenciennes.jpg&#8221; title_text=&#8221;campus-valenciennes&#8221; disabled_on=&#8221;on|on|on&#8221; _builder_version=&#8221;4.16&#8243; _module_preset=&#8221;default&#8221; disabled=&#8221;on&#8221; global_colors_info=&#8221;{}&#8221;][\/et_pb_image][et_pb_text disabled_on=&#8221;on|on|on&#8221; _builder_version=&#8221;4.16&#8243; _module_preset=&#8221;8080a676-450f-4057-aab7-cb5f36c9d1b2&#8243; disabled=&#8221;on&#8221; global_colors_info=&#8221;{}&#8221;]<\/p>\n<h3>\u00e9cole sup\u00e9rieure priv\u00e9e sp\u00e9cialis\u00e9e dans les m\u00e9tiers du Jeu Vid\u00e9o, de l\u2019Animation 2D\/3D et du Design.<\/h3>\n<p>Situ\u00e9e sur 4 campus \u00e0 Valenciennes (France), Montr\u00e9al (Canada), Pune (Inde) et Nairobi (Kenya), RUBIKA forme chaque ann\u00e9e plus de 1300 \u00e9tudiants d\u00e9termin\u00e9s \u00e0 faire de leur passion un m\u00e9tier. Notre \u00e9cole vise l\u2019\u00e9quilibre entre enseignements culturels, artistiques et techniques. Tout au long de leur formation, les \u00e9tudiants travaillent sur des projets en mode studio. Cet apprentissage par l\u2019exp\u00e9rience assure aux \u00e9tudiants une professionnalisation rapide, forgeant leur organisation personnelle et leur culture du travail collaboratif.<\/p>\n<p>[\/et_pb_text][\/et_pb_column][\/et_pb_row][\/et_pb_section]<\/p>\n","protected":false},"excerpt":{"rendered":"<p>ABOUT USAIM -ANALYSIS INSTITUTE OF MANAGEMENT HAS BEEN A PARTNER OF THE UNIVERSITY PARIS-DAUPHINE AND IAE PARIS-SORBONNE BUSINESS SCHOOL SINCE 2006. Specialized in training for executives and leaders, AIM offers continuous training programs to develop the potential of businesses in the Indian Ocean. AIM is a training center in Mauritius, registered with the Tertiary Education [&hellip;]<\/p>\n","protected":false},"author":1,"featured_media":0,"parent":0,"menu_order":0,"comment_status":"closed","ping_status":"closed","template":"","meta":{"_acf_changed":false,"_et_pb_use_builder":"on","_et_pb_old_content":"","_et_gb_content_width":"","footnotes":""},"dipi_cpt_category":[],"class_list":["post-13256","page","type-page","status-publish","hentry"],"acf":[],"_links":{"self":[{"href":"https:\/\/analysis.im\/en\/wp-json\/wp\/v2\/pages\/13256","targetHints":{"allow":["GET"]}}],"collection":[{"href":"https:\/\/analysis.im\/en\/wp-json\/wp\/v2\/pages"}],"about":[{"href":"https:\/\/analysis.im\/en\/wp-json\/wp\/v2\/types\/page"}],"author":[{"embeddable":true,"href":"https:\/\/analysis.im\/en\/wp-json\/wp\/v2\/users\/1"}],"replies":[{"embeddable":true,"href":"https:\/\/analysis.im\/en\/wp-json\/wp\/v2\/comments?post=13256"}],"version-history":[{"count":0,"href":"https:\/\/analysis.im\/en\/wp-json\/wp\/v2\/pages\/13256\/revisions"}],"wp:attachment":[{"href":"https:\/\/analysis.im\/en\/wp-json\/wp\/v2\/media?parent=13256"}],"wp:term":[{"taxonomy":"dipi_cpt_category","embeddable":true,"href":"https:\/\/analysis.im\/en\/wp-json\/wp\/v2\/dipi_cpt_category?post=13256"}],"curies":[{"name":"wp","href":"https:\/\/api.w.org\/{rel}","templated":true}]}}